{"id":1659,"date":"2022-12-14T13:45:16","date_gmt":"2022-12-14T13:45:16","guid":{"rendered":"https:\/\/www.hubertcolau.com\/?post_type=product&#038;p=1659"},"modified":"2024-07-17T09:29:10","modified_gmt":"2024-07-17T09:29:10","slug":"hubert-colau-album-vwa-la-carte-de-telechargement-mp3","status":"publish","type":"product","link":"https:\/\/www.hubertcolau.com\/?product=hubert-colau-album-vwa-la-carte-de-telechargement-mp3","title":{"rendered":"Hubert Colau Album VWA LA Carte de t\u00e9l\u00e9chargement MP3"},"content":{"rendered":"<p>La carte de t\u00e9l\u00e9chargement vous donne acc\u00e8s \u00e0 l&rsquo;album, via une plateforme d\u00e9di\u00e9e. \u00a0Ins\u00e9rez le code et profitez d&rsquo;une \u00e9coute de qualit\u00e9 et sans interruption. La carte est exclusivement disponible dans le pack vinyle.<\/p>\n","protected":false},"excerpt":{"rendered":"<p>La carte de t\u00e9l\u00e9chargement vous donne acc\u00e8s \u00e0 l&rsquo;album, via une plateforme d\u00e9di\u00e9e. \u00a0Ins\u00e9rez le code et profitez d&rsquo;une \u00e9coute<\/p>\n<p><a href=\"https:\/\/www.hubertcolau.com\/?product=hubert-colau-album-vwa-la-carte-de-telechargement-mp3\" class=\"more-link\">Continue reading<span class=\"screen-reader-text\">Hubert Colau Album VWA LA Carte de t\u00e9l\u00e9chargement MP3<\/span><\/a><\/p>\n","protected":false},"featured_media":1654,"comment_status":"closed","ping_status":"closed","template":"","meta":{"_seopress_robots_primary_cat":"","_seopress_titles_title":"","_seopress_titles_desc":"","_seopress_robots_index":""},"product_brand":[],"product_cat":[27],"product_tag":[],"class_list":{"0":"post-1659","1":"product","2":"type-product","3":"status-publish","4":"has-post-thumbnail","6":"product_cat-non-classe","8":"first","9":"instock","10":"virtual","11":"taxable","12":"product-type-simple"},"_links":{"self":[{"href":"https:\/\/www.hubertcolau.com\/index.php?rest_route=\/wp\/v2\/product\/1659","targetHints":{"allow":["GET"]}}],"collection":[{"href":"https:\/\/www.hubertcolau.com\/index.php?rest_route=\/wp\/v2\/product"}],"about":[{"href":"https:\/\/www.hubertcolau.com\/index.php?rest_route=\/wp\/v2\/types\/product"}],"replies":[{"embeddable":true,"href":"https:\/\/www.hubertcolau.com\/index.php?rest_route=%2Fwp%2Fv2%2Fcomments&post=1659"}],"version-history":[{"count":2,"href":"https:\/\/www.hubertcolau.com\/index.php?rest_route=\/wp\/v2\/product\/1659\/revisions"}],"predecessor-version":[{"id":1705,"href":"https:\/\/www.hubertcolau.com\/index.php?rest_route=\/wp\/v2\/product\/1659\/revisions\/1705"}],"wp:featuredmedia":[{"embeddable":true,"href":"https:\/\/www.hubertcolau.com\/index.php?rest_route=\/wp\/v2\/media\/1654"}],"wp:attachment":[{"href":"https:\/\/www.hubertcolau.com\/index.php?rest_route=%2Fwp%2Fv2%2Fmedia&parent=1659"}],"wp:term":[{"taxonomy":"product_brand","embeddable":true,"href":"https:\/\/www.hubertcolau.com\/index.php?rest_route=%2Fwp%2Fv2%2Fproduct_brand&post=1659"},{"taxonomy":"product_cat","embeddable":true,"href":"https:\/\/www.hubertcolau.com\/index.php?rest_route=%2Fwp%2Fv2%2Fproduct_cat&post=1659"},{"taxonomy":"product_tag","embeddable":true,"href":"https:\/\/www.hubertcolau.com\/index.php?rest_route=%2Fwp%2Fv2%2Fproduct_tag&post=1659"}],"curies":[{"name":"wp","href":"https:\/\/api.w.org\/{rel}","templated":true}]}}